{"id":11,"date":"2021-02-02T21:05:20","date_gmt":"2021-02-02T21:05:20","guid":{"rendered":"http:\/\/latengoclara.org\/?page_id=11"},"modified":"2021-02-23T16:25:52","modified_gmt":"2021-02-23T21:25:52","slug":"inicio-2","status":"publish","type":"page","link":"https:\/\/latengoclara.org\/","title":{"rendered":"Inicio"},"content":{"rendered":"<p>[et_pb_section fb_built=\u00bb1&#8243; _builder_version=\u00bb4.8.2&#8243; _module_preset=\u00bbdefault\u00bb background_color=\u00bb#EDF000&#8243; background_video_mp4=\u00bbhttps:\/\/latengoclara.org\/wp-content\/uploads\/2021\/02\/Pexels-Videos-1538130.mp4&#8243; background_enable_video_webm=\u00bboff\u00bb custom_padding=\u00bb114px||143px|||\u00bb][et_pb_row column_structure=\u00bb1_2,1_2&#8243; _builder_version=\u00bb4.8.2&#8243; _module_preset=\u00bbdefault\u00bb background_enable_color=\u00bboff\u00bb background_color_gradient_direction=\u00bb194deg\u00bb background_blend=\u00bblighten\u00bb custom_margin=\u00bb-20px|auto||auto||\u00bb custom_padding=\u00bb0px||4px|||\u00bb][et_pb_column type=\u00bb1_2&#8243; _builder_version=\u00bb4.8.2&#8243; _module_preset=\u00bbdefault\u00bb][\/et_pb_column][et_pb_column type=\u00bb1_2&#8243; _builder_version=\u00bb4.8.2&#8243; _module_preset=\u00bbdefault\u00bb background_enable_color=\u00bboff\u00bb][et_pb_image src=\u00bbhttps:\/\/latengoclara.org\/wp-content\/uploads\/2021\/02\/logoLTC.png\u00bb _builder_version=\u00bb4.8.2&#8243; _module_preset=\u00bbdefault\u00bb background_enable_color=\u00bboff\u00bb][\/et_pb_image][\/et_pb_column][\/et_pb_row][\/et_pb_section][et_pb_section fb_built=\u00bb1&#8243; _builder_version=\u00bb4.8.2&#8243; _module_preset=\u00bbdefault\u00bb background_image=\u00bbhttps:\/\/latengoclara.org\/wp-content\/uploads\/2021\/02\/Mesa-de-trabajo-1-1-scaled.jpg\u00bb bottom_divider_color_tablet=\u00bb\u00bb bottom_divider_color_phone=\u00bb\u00bb bottom_divider_color_last_edited=\u00bbon|desktop\u00bb][et_pb_row column_structure=\u00bb1_2,1_2&#8243; _builder_version=\u00bb4.8.2&#8243; _module_preset=\u00bbdefault\u00bb custom_margin=\u00bb|65px||auto|false|false\u00bb custom_margin_tablet=\u00bb\u00bb custom_margin_phone=\u00bb|auto|||false|false\u00bb custom_margin_last_edited=\u00bbon|phone\u00bb][et_pb_column type=\u00bb1_2&#8243; _builder_version=\u00bb4.8.2&#8243; _module_preset=\u00bbdefault\u00bb][\/et_pb_column][et_pb_column type=\u00bb1_2&#8243; _builder_version=\u00bb4.8.2&#8243; _module_preset=\u00bbdefault\u00bb][et_pb_text _builder_version=\u00bb4.8.2&#8243; _module_preset=\u00bbdefault\u00bb text_font=\u00bbBebas Neue|800|||||||\u00bb text_text_color=\u00bb#000000&#8243; text_font_size=\u00bb75px\u00bb text_orientation=\u00bbcenter\u00bb custom_margin=\u00bb|-46px|51px|-35px||\u00bb text_font_size_tablet=\u00bb\u00bb text_font_size_phone=\u00bb65px\u00bb text_font_size_last_edited=\u00bbon|phone\u00bb text_orientation_tablet=\u00bb\u00bb text_orientation_phone=\u00bbcenter\u00bb text_orientation_last_edited=\u00bbon|phone\u00bb]<\/p>\n<p>\u00bfPARA QUI\u00c9N?<\/p>\n<p>[\/et_pb_text][et_pb_accordion closed_toggle_background_color=\u00bb#ffde17&#8243; _builder_version=\u00bb4.8.2&#8243; _module_preset=\u00bbdefault\u00bb toggle_text_color=\u00bb#000000&#8243; toggle_font=\u00bbBebas Neue|800|||||||\u00bb toggle_font_size=\u00bb21px\u00bb closed_toggle_text_align=\u00bbcenter\u00bb body_text_align=\u00bbcenter\u00bb text_orientation=\u00bbcenter\u00bb custom_margin=\u00bb|||16px||\u00bb locked=\u00bboff\u00bb][et_pb_accordion_item title=\u00bbNi\u00f1os entre  9  y 14 a\u00f1os \u00bb open=\u00bbon\u00bb _builder_version=\u00bb4.8.2&#8243; _module_preset=\u00bbdefault\u00bb]<\/p>\n<p>Que est\u00e9n interesados en reconocer sus dones, talentos y poder vivir en ellos.<\/p>\n<p>[\/et_pb_accordion_item][et_pb_accordion_item title=\u00bbJ\u00f3venes y adultos de 15 a\u00f1os en adelante\u00bb _builder_version=\u00bb4.8.2&#8243; _module_preset=\u00bbdefault\u00bb open=\u00bboff\u00bb]<\/p>\n<p>Creyentes en Jes\u00fas, interesados en reconocerse y fortalecerse como l\u00edderes, validar sus dones, talentos y emprender un proyecto alineado con su visi\u00f3n y\/o prop\u00f3sito de vida<\/p>\n<p>[\/et_pb_accordion_item][\/et_pb_accordion][\/et_pb_column][\/et_pb_row][\/et_pb_section][et_pb_section fb_built=\u00bb1&#8243; admin_label=\u00bbServices\u00bb _builder_version=\u00bb4.8.2&#8243; use_background_color_gradient=\u00bbon\u00bb background_color_gradient_start=\u00bbrgba(10,3,3,0.41)\u00bb background_color_gradient_end=\u00bbrgba(0,0,0,0)\u00bb background_color_gradient_direction=\u00bb51deg\u00bb background_image=\u00bbhttps:\/\/latengoclara.org\/wp-content\/uploads\/2021\/02\/Mesa-de-trabajo-1-copia-1-scaled.jpg\u00bb parallax=\u00bbon\u00bb parallax_method=\u00bboff\u00bb custom_padding=\u00bb||127px||false|false\u00bb bottom_divider_color=\u00bbRGBA(0,0,0,0)\u00bb custom_width_px__hover=\u00bb1080px\u00bb custom_width_px__hover_enabled=\u00bb1080px\u00bb custom_width_percent__hover=\u00bb80%\u00bb custom_width_percent__hover_enabled=\u00bb80%\u00bb gutter_width__hover=\u00bb3&#8243; gutter_width__hover_enabled=\u00bb3&#8243; parallax_1__hover=\u00bboff\u00bb parallax_1__hover_enabled=\u00bboff\u00bb parallax_2__hover=\u00bboff\u00bb parallax_2__hover_enabled=\u00bboff\u00bb parallax_3__hover=\u00bboff\u00bb parallax_3__hover_enabled=\u00bboff\u00bb parallax_method_1__hover=\u00bbon\u00bb parallax_method_1__hover_enabled=\u00bbon\u00bb parallax_method_2__hover=\u00bbon\u00bb parallax_method_2__hover_enabled=\u00bbon\u00bb parallax_method_3__hover=\u00bbon\u00bb parallax_method_3__hover_enabled=\u00bbon\u00bb use_background_color_gradient__hover=\u00bboff\u00bb use_background_color_gradient__hover_enabled=\u00bboff\u00bb background_color_gradient_start__hover=\u00bb#2b87da\u00bb background_color_gradient_start__hover_enabled=\u00bb#2b87da\u00bb background_color_gradient_end__hover=\u00bb#29c4a9&#8243; background_color_gradient_end__hover_enabled=\u00bb#29c4a9&#8243; background_color_gradient_type__hover=\u00bblinear\u00bb background_color_gradient_type__hover_enabled=\u00bblinear\u00bb background_color_gradient_direction__hover=\u00bb180deg\u00bb background_color_gradient_direction__hover_enabled=\u00bb180deg\u00bb background_color_gradient_direction_radial__hover=\u00bbcenter\u00bb background_color_gradient_direction_radial__hover_enabled=\u00bbcenter\u00bb background_color_gradient_start_position__hover=\u00bb0%\u00bb background_color_gradient_start_position__hover_enabled=\u00bb0%\u00bb background_color_gradient_end_position__hover=\u00bb100%\u00bb background_color_gradient_end_position__hover_enabled=\u00bb100%\u00bb background_color_gradient_overlays_image__hover=\u00bboff\u00bb background_color_gradient_overlays_image__hover_enabled=\u00bboff\u00bb parallax__hover=\u00bboff\u00bb parallax__hover_enabled=\u00bboff\u00bb parallax_method__hover=\u00bbon\u00bb parallax_method__hover_enabled=\u00bbon\u00bb background_size__hover=\u00bbcover\u00bb background_size__hover_enabled=\u00bbcover\u00bb background_position__hover=\u00bbcenter\u00bb background_position__hover_enabled=\u00bbcenter\u00bb background_repeat__hover=\u00bbno-repeat\u00bb background_repeat__hover_enabled=\u00bbno-repeat\u00bb background_blend__hover=\u00bbnormal\u00bb background_blend__hover_enabled=\u00bbnormal\u00bb allow_player_pause__hover=\u00bboff\u00bb allow_player_pause__hover_enabled=\u00bboff\u00bb background_video_pause_outside_viewport__hover=\u00bbon\u00bb background_video_pause_outside_viewport__hover_enabled=\u00bbon\u00bb inner_shadow__hover=\u00bboff\u00bb inner_shadow__hover_enabled=\u00bboff\u00bb make_fullwidth__hover=\u00bboff\u00bb make_fullwidth__hover_enabled=\u00bboff\u00bb use_custom_width__hover=\u00bboff\u00bb use_custom_width__hover_enabled=\u00bboff\u00bb width_unit__hover=\u00bbon\u00bb width_unit__hover_enabled=\u00bbon\u00bb make_equal__hover=\u00bboff\u00bb make_equal__hover_enabled=\u00bboff\u00bb use_custom_gutter__hover=\u00bboff\u00bb use_custom_gutter__hover_enabled=\u00bboff\u00bb border_radii__hover=\u00bbon||||\u00bb border_radii__hover_enabled=\u00bbon||||\u00bb box_shadow_style__hover=\u00bbnone\u00bb box_shadow_style__hover_enabled=\u00bbnone\u00bb box_shadow_color__hover=\u00bbrgba(0,0,0,0.3)\u00bb box_shadow_color__hover_enabled=\u00bbrgba(0,0,0,0.3)\u00bb max_width__hover=\u00bb100%\u00bb max_width__hover_enabled=\u00bb100%\u00bb filter_hue_rotate__hover=\u00bb0deg\u00bb filter_hue_rotate__hover_enabled=\u00bb0deg\u00bb filter_saturate__hover=\u00bb100%\u00bb filter_saturate__hover_enabled=\u00bb100%\u00bb filter_brightness__hover=\u00bb100%\u00bb filter_brightness__hover_enabled=\u00bb100%\u00bb filter_contrast__hover=\u00bb100%\u00bb filter_contrast__hover_enabled=\u00bb100%\u00bb filter_invert__hover=\u00bb0%\u00bb filter_invert__hover_enabled=\u00bb0%\u00bb filter_sepia__hover=\u00bb0%\u00bb filter_sepia__hover_enabled=\u00bb0%\u00bb filter_opacity__hover=\u00bb100%\u00bb filter_opacity__hover_enabled=\u00bb100%\u00bb filter_blur__hover=\u00bb0px\u00bb filter_blur__hover_enabled=\u00bb0px\u00bb mix_blend_mode__hover=\u00bbnormal\u00bb mix_blend_mode__hover_enabled=\u00bbnormal\u00bb animation_style__hover=\u00bbnone\u00bb animation_style__hover_enabled=\u00bbnone\u00bb animation_repeat__hover=\u00bbonce\u00bb animation_repeat__hover_enabled=\u00bbonce\u00bb animation_direction__hover=\u00bbcenter\u00bb animation_direction__hover_enabled=\u00bbcenter\u00bb animation_duration__hover=\u00bb1000ms\u00bb animation_duration__hover_enabled=\u00bb1000ms\u00bb animation_delay__hover=\u00bb0ms\u00bb animation_delay__hover_enabled=\u00bb0ms\u00bb animation_intensity_slide__hover=\u00bb50%\u00bb animation_intensity_slide__hover_enabled=\u00bb50%\u00bb animation_intensity_zoom__hover=\u00bb50%\u00bb animation_intensity_zoom__hover_enabled=\u00bb50%\u00bb animation_intensity_flip__hover=\u00bb50%\u00bb animation_intensity_flip__hover_enabled=\u00bb50%\u00bb animation_intensity_fold__hover=\u00bb50%\u00bb animation_intensity_fold__hover_enabled=\u00bb50%\u00bb animation_intensity_roll__hover=\u00bb50%\u00bb animation_intensity_roll__hover_enabled=\u00bb50%\u00bb animation_starting_opacity__hover=\u00bb0%\u00bb animation_starting_opacity__hover_enabled=\u00bb0%\u00bb animation_speed_curve__hover=\u00bbease-in-out\u00bb animation_speed_curve__hover_enabled=\u00bbease-in-out\u00bb hover_transition_duration__hover=\u00bb300ms\u00bb hover_transition_duration__hover_enabled=\u00bb300ms\u00bb hover_transition_delay__hover=\u00bb0ms\u00bb hover_transition_delay__hover_enabled=\u00bb0ms\u00bb hover_transition_speed_curve__hover=\u00bbease\u00bb hover_transition_speed_curve__hover_enabled=\u00bbease\u00bb][et_pb_row _builder_version=\u00bb4.8.2&#8243; _module_preset=\u00bbdefault\u00bb custom_margin=\u00bb10px|auto|31px|auto||\u00bb][et_pb_column type=\u00bb4_4&#8243; _builder_version=\u00bb4.8.2&#8243; _module_preset=\u00bbdefault\u00bb][et_pb_text _builder_version=\u00bb4.8.2&#8243; _module_preset=\u00bbdefault\u00bb text_font=\u00bbBebas Neue|800|||||||\u00bb text_text_color=\u00bb#ffde17&#8243; text_font_size=\u00bb75px\u00bb text_orientation=\u00bbcenter\u00bb text_line_height_tablet=\u00bb\u00bb text_line_height_phone=\u00bb1em\u00bb text_line_height_last_edited=\u00bbon|phone\u00bb]<\/p>\n<p>NUESTRO ADN<\/p>\n<p>[\/et_pb_text][\/et_pb_column][\/et_pb_row][et_pb_row column_structure=\u00bb1_3,1_3,1_3&#8243; use_custom_gutter=\u00bbon\u00bb gutter_width=\u00bb2&#8243; _builder_version=\u00bb4.8.2&#8243; custom_margin=\u00bb||||false|false\u00bb border_color_all=\u00bb#FFFFFF\u00bb][et_pb_column type=\u00bb1_3&#8243; _builder_version=\u00bb4.8.2&#8243; custom_padding=\u00bb|||\u00bb custom_padding__hover=\u00bb|||\u00bb][et_pb_blurb title=\u00bbFE\u00bb _builder_version=\u00bb4.8.2&#8243; header_font=\u00bbABeeZee|700|||||||\u00bb header_font_size=\u00bb28px\u00bb body_font=\u00bb||||||||\u00bb body_line_height=\u00bb1.8em\u00bb background_enable_color=\u00bboff\u00bb text_orientation=\u00bbcenter\u00bb background_layout=\u00bbdark\u00bb custom_padding=\u00bb30px|20px|30px|20px|true|true\u00bb animation_style=\u00bbslide\u00bb animation_direction=\u00bbbottom\u00bb animation_intensity_slide=\u00bb5%\u00bb animation=\u00bboff\u00bb border_width_all=\u00bb1px\u00bb border_color_all=\u00bb#ffde17&#8243; border_style_all=\u00bbdouble\u00bb box_shadow_style=\u00bbpreset2&#8243; box_shadow_horizontal=\u00bb0px\u00bb box_shadow_vertical=\u00bb35px\u00bb box_shadow_blur=\u00bb115px\u00bb box_shadow_spread=\u00bb-25px\u00bb box_shadow_color=\u00bbrgba(0,0,0,0.15)\u00bb box_shadow_color__hover_enabled=\u00bbon\u00bb box_shadow_color__hover=\u00bbrgba(0,0,0,0.3)\u00bb box_shadow_blur__hover_enabled=\u00bbon\u00bb box_shadow_blur__hover=\u00bb125px\u00bb box_shadow_vertical__hover=\u00bb35px\u00bb custom_margin__hover_enabled=\u00bbon\u00bb custom_margin__hover=\u00bb-5px||\u00bb][\/et_pb_blurb][\/et_pb_column][et_pb_column type=\u00bb1_3&#8243; _builder_version=\u00bb3.25&#8243; custom_padding=\u00bb|||\u00bb custom_padding__hover=\u00bb|||\u00bb][et_pb_blurb title=\u00bbAMOR\u00bb _builder_version=\u00bb4.8.2&#8243; header_font=\u00bbABeeZee|700|||||||\u00bb header_font_size=\u00bb28px\u00bb body_font=\u00bb||||||||\u00bb body_line_height=\u00bb1.8em\u00bb background_enable_color=\u00bboff\u00bb text_orientation=\u00bbcenter\u00bb background_layout=\u00bbdark\u00bb custom_padding=\u00bb30px|20px|30px|20px|true|true\u00bb animation_style=\u00bbslide\u00bb animation_direction=\u00bbbottom\u00bb animation_intensity_slide=\u00bb5%\u00bb animation=\u00bboff\u00bb border_width_all=\u00bb1px\u00bb border_color_all=\u00bb#ffde17&#8243; border_style_all=\u00bbdouble\u00bb box_shadow_style=\u00bbpreset2&#8243; box_shadow_horizontal=\u00bb0px\u00bb box_shadow_vertical=\u00bb35px\u00bb box_shadow_blur=\u00bb115px\u00bb box_shadow_spread=\u00bb-25px\u00bb box_shadow_color=\u00bbrgba(0,0,0,0.15)\u00bb locked=\u00bboff\u00bb box_shadow_color__hover=\u00bbrgba(0,0,0,0.3)\u00bb box_shadow_color__hover_enabled=\u00bbon\u00bb box_shadow_vertical__hover=\u00bb35px\u00bb box_shadow_blur__hover=\u00bb125px\u00bb box_shadow_blur__hover_enabled=\u00bbon\u00bb custom_margin__hover_enabled=\u00bbon\u00bb custom_margin__hover=\u00bb-5px||\u00bb][\/et_pb_blurb][\/et_pb_column][et_pb_column type=\u00bb1_3&#8243; _builder_version=\u00bb3.25&#8243; custom_padding=\u00bb|||\u00bb custom_padding__hover=\u00bb|||\u00bb][et_pb_blurb title=\u00bbPASI\u00d3N\u00bb _builder_version=\u00bb4.8.2&#8243; header_font=\u00bbABeeZee|700|||||||\u00bb header_font_size=\u00bb28px\u00bb body_font=\u00bb||||||||\u00bb body_line_height=\u00bb1.8em\u00bb background_enable_color=\u00bboff\u00bb text_orientation=\u00bbcenter\u00bb background_layout=\u00bbdark\u00bb custom_padding=\u00bb30px|20px|30px|20px|true|true\u00bb animation_style=\u00bbslide\u00bb animation_direction=\u00bbbottom\u00bb animation_intensity_slide=\u00bb5%\u00bb animation=\u00bboff\u00bb border_width_all=\u00bb1px\u00bb border_color_all=\u00bb#ffde17&#8243; border_style_all=\u00bbdouble\u00bb box_shadow_style=\u00bbpreset2&#8243; box_shadow_horizontal=\u00bb0px\u00bb box_shadow_vertical=\u00bb35px\u00bb box_shadow_blur=\u00bb115px\u00bb box_shadow_spread=\u00bb-25px\u00bb box_shadow_color=\u00bbrgba(0,0,0,0.15)\u00bb locked=\u00bboff\u00bb box_shadow_color__hover=\u00bbrgba(0,0,0,0.3)\u00bb box_shadow_color__hover_enabled=\u00bbon\u00bb box_shadow_vertical__hover=\u00bb35px\u00bb box_shadow_blur__hover=\u00bb125px\u00bb box_shadow_blur__hover_enabled=\u00bbon\u00bb custom_margin__hover_enabled=\u00bbon\u00bb custom_margin__hover=\u00bb-5px||\u00bb][\/et_pb_blurb][\/et_pb_column][\/et_pb_row][et_pb_row column_structure=\u00bb1_4,1_4,1_4,1_4&#8243; use_custom_gutter=\u00bbon\u00bb gutter_width=\u00bb2&#8243; _builder_version=\u00bb4.8.2&#8243; custom_margin=\u00bb||||false|false\u00bb border_color_all=\u00bb#FFFFFF\u00bb][et_pb_column type=\u00bb1_4&#8243; _builder_version=\u00bb4.8.2&#8243; custom_padding=\u00bb|||\u00bb custom_padding__hover=\u00bb|||\u00bb][\/et_pb_column][et_pb_column type=\u00bb1_4&#8243; _builder_version=\u00bb3.25&#8243; custom_padding=\u00bb|||\u00bb custom_padding__hover=\u00bb|||\u00bb][et_pb_blurb title=\u00bbSERVICIO\u00bb _builder_version=\u00bb4.8.2&#8243; header_font=\u00bbABeeZee|700|||||||\u00bb header_font_size=\u00bb28px\u00bb body_font=\u00bb||||||||\u00bb body_line_height=\u00bb1.8em\u00bb background_enable_color=\u00bboff\u00bb text_orientation=\u00bbcenter\u00bb background_layout=\u00bbdark\u00bb custom_padding=\u00bb30px|20px|30px|20px|true|true\u00bb animation_style=\u00bbslide\u00bb animation_direction=\u00bbbottom\u00bb animation_intensity_slide=\u00bb5%\u00bb animation=\u00bboff\u00bb border_width_all=\u00bb1px\u00bb border_color_all=\u00bb#ffde17&#8243; border_style_all=\u00bbdouble\u00bb box_shadow_style=\u00bbpreset2&#8243; box_shadow_horizontal=\u00bb0px\u00bb box_shadow_vertical=\u00bb35px\u00bb box_shadow_blur=\u00bb115px\u00bb box_shadow_spread=\u00bb-25px\u00bb box_shadow_color=\u00bbrgba(0,0,0,0.15)\u00bb locked=\u00bboff\u00bb box_shadow_color__hover=\u00bbrgba(0,0,0,0.3)\u00bb box_shadow_color__hover_enabled=\u00bbon\u00bb box_shadow_vertical__hover=\u00bb35px\u00bb box_shadow_blur__hover=\u00bb125px\u00bb box_shadow_blur__hover_enabled=\u00bbon\u00bb custom_margin__hover_enabled=\u00bbon\u00bb custom_margin__hover=\u00bb-5px||\u00bb][\/et_pb_blurb][\/et_pb_column][et_pb_column type=\u00bb1_4&#8243; _builder_version=\u00bb3.25&#8243; custom_padding=\u00bb|||\u00bb custom_padding__hover=\u00bb|||\u00bb][et_pb_blurb title=\u00bbFRATERNIDAD\u00bb _builder_version=\u00bb4.8.2&#8243; header_font=\u00bbABeeZee|700|||||||\u00bb header_font_size=\u00bb28px\u00bb body_font=\u00bb||||||||\u00bb body_line_height=\u00bb1.8em\u00bb background_enable_color=\u00bboff\u00bb text_orientation=\u00bbcenter\u00bb background_layout=\u00bbdark\u00bb custom_padding=\u00bb30px|20px|30px|20px|true|true\u00bb animation_style=\u00bbslide\u00bb animation_direction=\u00bbbottom\u00bb animation_intensity_slide=\u00bb5%\u00bb animation=\u00bboff\u00bb border_width_all=\u00bb1px\u00bb border_color_all=\u00bb#ffde17&#8243; border_style_all=\u00bbdouble\u00bb box_shadow_style=\u00bbpreset2&#8243; box_shadow_horizontal=\u00bb0px\u00bb box_shadow_vertical=\u00bb35px\u00bb box_shadow_blur=\u00bb115px\u00bb box_shadow_spread=\u00bb-25px\u00bb box_shadow_color=\u00bbrgba(0,0,0,0.15)\u00bb locked=\u00bboff\u00bb box_shadow_color__hover=\u00bbrgba(0,0,0,0.3)\u00bb box_shadow_color__hover_enabled=\u00bbon\u00bb box_shadow_vertical__hover=\u00bb35px\u00bb box_shadow_blur__hover=\u00bb125px\u00bb box_shadow_blur__hover_enabled=\u00bbon\u00bb custom_margin__hover_enabled=\u00bbon\u00bb custom_margin__hover=\u00bb-5px||\u00bb][\/et_pb_blurb][\/et_pb_column][et_pb_column type=\u00bb1_4&#8243; _builder_version=\u00bb3.25&#8243; custom_padding=\u00bb|||\u00bb custom_padding__hover=\u00bb|||\u00bb][\/et_pb_column][\/et_pb_row][\/et_pb_section][et_pb_section fb_built=\u00bb1&#8243; _builder_version=\u00bb4.8.2&#8243; _module_preset=\u00bbdefault\u00bb custom_padding=\u00bb||1px|||\u00bb][et_pb_row _builder_version=\u00bb4.8.2&#8243; _module_preset=\u00bbdefault\u00bb custom_margin=\u00bb-43px|auto||auto||\u00bb][et_pb_column type=\u00bb4_4&#8243; _builder_version=\u00bb4.8.2&#8243; _module_preset=\u00bbdefault\u00bb][et_pb_gallery gallery_ids=\u00bb103,104,105,106,107,108,109,110,111,112,113&#8243; dbdb_version=\u00bb3.3.7&#8243; orientation=\u00bbportrait\u00bb show_title_and_caption=\u00bboff\u00bb show_pagination=\u00bboff\u00bb _builder_version=\u00bb4.8.2&#8243; _module_preset=\u00bbdefault\u00bb caption_text_color=\u00bbRGBA(0,0,0,0)\u00bb pagination_text_color=\u00bbRGBA(0,0,0,0)\u00bb pagination_font_size=\u00bb1px\u00bb][\/et_pb_gallery][\/et_pb_column][\/et_pb_row][\/et_pb_section][et_pb_section fb_built=\u00bb1&#8243; _builder_version=\u00bb4.8.2&#8243; _module_preset=\u00bbdefault\u00bb custom_padding=\u00bb24px|||||\u00bb][et_pb_row disabled_on=\u00bboff|off|off\u00bb _builder_version=\u00bb4.8.2&#8243; _module_preset=\u00bbdefault\u00bb custom_margin=\u00bb0px|auto||auto||\u00bb global_module=\u00bb311&#8243; saved_tabs=\u00bball\u00bb][et_pb_column type=\u00bb4_4&#8243; _builder_version=\u00bb4.8.2&#8243; _module_preset=\u00bbdefault\u00bb][et_pb_text _builder_version=\u00bb4.8.2&#8243; _module_preset=\u00bbdefault\u00bb text_font=\u00bbBebas Neue||||||||\u00bb text_text_color=\u00bb#000000&#8243; text_font_size=\u00bb40px\u00bb text_line_height=\u00bb1em\u00bb text_orientation=\u00bbcenter\u00bb text_font_size_tablet=\u00bb\u00bb text_font_size_phone=\u00bb25px\u00bb text_font_size_last_edited=\u00bbon|phone\u00bb]<\/p>\n<p>REG\u00cdSTRATE Y RECIBE M\u00c1S INFORMACI\u00d3N DE NUESTROS ENTRENAMIENTOS<\/p>\n<p>[\/et_pb_text][et_pb_signup mailchimp_list=\u00bbLatengoClara|ffe34ca43a\u00bb layout=\u00bbtop_bottom\u00bb last_name_field=\u00bboff\u00bb _builder_version=\u00bb4.9.0&#8243; _module_preset=\u00bbdefault\u00bb form_field_background_color=\u00bb#000000&#8243; form_field_text_color=\u00bb#ffde17&#8243; result_message_text_color=\u00bb#000000&#8243; background_enable_color=\u00bboff\u00bb custom_button=\u00bbon\u00bb button_text_color=\u00bb#000000&#8243; button_bg_color=\u00bb#ffde17&#8243; hover_enabled=\u00bb0&#8243; success_message=\u00bb\u00a1Gracias! Tu registro ha sido exitoso\u00bb sticky_enabled=\u00bb0&#8243;][\/et_pb_signup][\/et_pb_column][\/et_pb_row][\/et_pb_section]<\/p>\n","protected":false},"excerpt":{"rendered":"<p>\u00bfPARA QUI\u00c9N?Que est\u00e9n interesados en reconocer sus dones, talentos y poder vivir en ellos.Creyentes en Jes\u00fas, interesados en reconocerse y fortalecerse como l\u00edderes, validar sus dones, talentos y emprender un proyecto alineado con su visi\u00f3n y\/o prop\u00f3sito de vidaNUESTRO ADNREG\u00cdSTRATE Y RECIBE M\u00c1S INFORMACI\u00d3N DE NUESTROS ENTRENAMIENTOS<\/p>\n","protected":false},"author":1,"featured_media":0,"parent":0,"menu_order":0,"comment_status":"closed","ping_status":"closed","template":"","meta":{"_et_pb_use_builder":"on","_et_pb_old_content":"","_et_gb_content_width":"","_joinchat":[],"footnotes":""},"class_list":["post-11","page","type-page","status-publish","hentry"],"_links":{"self":[{"href":"https:\/\/latengoclara.org\/index.php\/wp-json\/wp\/v2\/pages\/11"}],"collection":[{"href":"https:\/\/latengoclara.org\/index.php\/wp-json\/wp\/v2\/pages"}],"about":[{"href":"https:\/\/latengoclara.org\/index.php\/wp-json\/wp\/v2\/types\/page"}],"author":[{"embeddable":true,"href":"https:\/\/latengoclara.org\/index.php\/wp-json\/wp\/v2\/users\/1"}],"replies":[{"embeddable":true,"href":"https:\/\/latengoclara.org\/index.php\/wp-json\/wp\/v2\/comments?post=11"}],"version-history":[{"count":72,"href":"https:\/\/latengoclara.org\/index.php\/wp-json\/wp\/v2\/pages\/11\/revisions"}],"predecessor-version":[{"id":415,"href":"https:\/\/latengoclara.org\/index.php\/wp-json\/wp\/v2\/pages\/11\/revisions\/415"}],"wp:attachment":[{"href":"https:\/\/latengoclara.org\/index.php\/wp-json\/wp\/v2\/media?parent=11"}],"curies":[{"name":"wp","href":"https:\/\/api.w.org\/{rel}","templated":true}]}}